{"id":49,"date":"2017-05-31T05:00:25","date_gmt":"2017-05-31T05:00:25","guid":{"rendered":"http:\/\/import.themovation.com\/embark\/walking-tours\/?page_id=163"},"modified":"2025-09-30T02:48:02","modified_gmt":"2025-09-30T02:48:02","slug":"mapujournal","status":"publish","type":"page","link":"https:\/\/mapuchile.com\/esp\/mapujournal\/","title":{"rendered":"INFOS &#038; TIPS"},"content":{"rendered":"<div data-elementor-type=\"wp-post\" data-elementor-id=\"49\" class=\"elementor elementor-49\" data-elementor-settings=\"[]\">\n\t\t\t<div class=\"elementor-inner\">\n\t\t\t\t<div class=\"elementor-section-wrap\">\n\t\t\t\t\t\t\t<section class=\"elementor-element elementor-element-axm2p4l elementor-section-height-min-height elementor-section-boxed elementor-section-height-default elementor-section-items-middle elementor-section elementor-top-section\" data-id=\"axm2p4l\" data-element_type=\"section\" data-settings=\"{&quot;background_background&quot;:&quot;slideshow&quot;,&quot;background_slideshow_gallery&quot;:[{&quot;id&quot;:5097,&quot;url&quot;:&quot;http:\\\/\\\/mapuchile.com\\\/wp-content\\\/uploads\\\/2021\\\/08\\\/20210625_1.captured_-538.jpg&quot;},{&quot;id&quot;:5096,&quot;url&quot;:&quot;http:\\\/\\\/mapuchile.com\\\/wp-content\\\/uploads\\\/2021\\\/08\\\/20210418_DRONE.jpg&quot;}],&quot;background_slideshow_loop&quot;:&quot;yes&quot;,&quot;background_slideshow_slide_duration&quot;:5000,&quot;background_slideshow_slide_transition&quot;:&quot;fade&quot;,&quot;background_slideshow_transition_duration&quot;:500}\">\n\t\t\t\t\t\t\t<div class=\"elementor-background-overlay\"><\/div>\n\t\t\t\t\t\t\t<div class=\"elementor-container elementor-column-gap-default\">\n\t\t\t\t<div class=\"elementor-row\">\n\t\t\t\t<div class=\"elementor-element elementor-element-eg989yn elementor-column elementor-col-100 elementor-top-column\" data-id=\"eg989yn\" data-element_type=\"column\">\n\t\t\t<div class=\"elementor-column-wrap  elementor-element-populated\">\n\t\t\t\t\t<div class=\"elementor-widget-wrap\">\n\t\t\t\t<div class=\"elementor-element elementor-element-6e0rano elementor-view-default elementor-position-top elementor-widget elementor-widget-themo-header\" data-id=\"6e0rano\" data-element_type=\"widget\" data-widget_type=\"themo-header.default\">\n\t\t\t\t<div class=\"elementor-widget-container\">\n\t\t\t\t\t<div class=\"th-header-wrap\">\n            <div class=\"elementor-icon-box-wrapper\">\n                                <div class=\"elementor-icon-box-content\">\n                    <h1 class=\"elementor-icon-box-title\">\n                        <span >INFOS <\/span>\n                    <\/h1>\n                                        <p class=\"elementor-icon-box-description\">\nCHECK INFOS BELLOW !<\/p>\n\n                                    <\/div>\n            <\/div>\n\n        <\/div>\n\n\t\t\t\t<\/div>\n\t\t\t\t<\/div>\n\t\t\t\t\t\t<\/div>\n\t\t\t<\/div>\n\t\t<\/div>\n\t\t\t\t\t\t<\/div>\n\t\t\t<\/div>\n\t\t<\/section>\n\t\t\t\t<section class=\"elementor-element elementor-element-vkt1dv8 elementor-section-boxed elementor-section-height-default elementor-section-height-default elementor-section elementor-top-section\" data-id=\"vkt1dv8\" data-element_type=\"section\" data-settings=\"{&quot;background_background&quot;:&quot;classic&quot;}\">\n\t\t\t\t\t\t<div class=\"elementor-container elementor-column-gap-default\">\n\t\t\t\t<div class=\"elementor-row\">\n\t\t\t\t<div class=\"elementor-element elementor-element-xo5h9bj elementor-column elementor-col-100 elementor-top-column\" data-id=\"xo5h9bj\" data-element_type=\"column\">\n\t\t\t<div class=\"elementor-column-wrap  elementor-element-populated\">\n\t\t\t\t\t<div class=\"elementor-widget-wrap\">\n\t\t\t\t<div class=\"elementor-element elementor-element-d32c3a7 elementor-widget elementor-widget-text-editor\" data-id=\"d32c3a7\" data-element_type=\"widget\" data-widget_type=\"text-editor.default\">\n\t\t\t\t<div class=\"elementor-widget-container\">\n\t\t\t\t\t<div class=\"elementor-text-editor elementor-clearfix\">\r\n\t\t<div class=\"pgafu-filter-wrp\">\r\n\t\t\t<ul class=\"pgafu-filter\">\r\n\t\t\t\t<li class=\"pgafu-filtr-cat pgafu-active-filtr\" data-filter=\"all\"><a href=\"javascript:void(0);\">All<\/a><\/li>\r\n\t\t\t\t\t\t\t\t\t<li class=\"pgafu-filtr-cat\" data-filter=\"63\"><a href=\"javascript:void(0);\">INFOS<\/a><\/li>\r\n\t\t\t\t\t\t\t<\/ul>\r\n\r\n\t\t\t<div class=\"pgafu-filtr-container\" id=\"pgafu-post-filtr-1\">\r\n\t\t\t\t<div class=\"pgafu-post-grid-main pgafu-post-filter pgafu-design-1 pgafu-image-fit has-no-animation pgafu-clearfix\">\r\n\r\n\t\t\t\t\r\n\t\t\t\t\t<div class=\"pgafu-medium-4 pgafu-columns filtr-item\" data-category=\"63\">\r\n\t\t\t\t\t\r\n<div class=\"pgafu-post-grid\">\t\t\r\n\t<div class=\"pgafu-post-grid-content\">\r\n\t\t\t\t<div class=\"pgafu-post-image-bg\" style=\"\">\r\n\t\t\t<a href=\"https:\/\/mapuchile.com\/esp\/2025\/04\/25\/mapu-infos-rules-2-2-2\/\">\r\n\t\t\t\t<img src=\"https:\/\/mapuchile.com\/wp-content\/uploads\/2025\/04\/20250301_ONTHEROAD_-155-1024x683.jpg\" alt=\"MAPU INFOS &#038; RULES\" \/>\r\n\t\t\t<\/a>\r\n\t\t<\/div>\r\n\t\t\t\t\r\n\t\t<h2 class=\"pgafu-post-title\">\r\n\t\t\t<a href=\"https:\/\/mapuchile.com\/esp\/2025\/04\/25\/mapu-infos-rules-2-2-2\/\">MAPU INFOS &#038; RULES<\/a>\r\n\t\t<\/h2>\r\n\r\n\t\t\t\t<div class=\"pgafu-post-categories\">\r\n\t\t\t<a href=\"https:\/\/mapuchile.com\/esp\/category\/infos\/\">INFOS<\/a>\t\t<\/div>\r\n\t\t\t\t\t\t<div class=\"pgafu-post-date\">\r\n\t\t\t\t\t\t\t\t\t\t\t<span class=\"pgafu-user-img\"><img src=\"https:\/\/mapuchile.com\/wp-content\/plugins\/post-grid-and-filter-ultimate\/assets\/images\/user.svg\" alt=\"\"> MAPU<\/span>\r\n\t\t\t\t\t\t\t\t\t\t&nbsp;\t\t\t\t\t\t\t\t\t\t\t<span class=\"pgafu-time\"> <img src=\"https:\/\/mapuchile.com\/wp-content\/plugins\/post-grid-and-filter-ultimate\/assets\/images\/calendar.svg\" alt=\"\"> Abril 25, 2025 <\/span>\r\n\t\t\t\t\t\t\t\t\t\t&nbsp;\t\t\t\t\t\t\r\n\t\t\t\t<\/div>\r\n\t\t\t\t\t\t<div class=\"pgafu-post-content\">\t\t\t\t\r\n\t\t\t\t\t<div class=\"pgafu-post-short-content\">Prezado h\u00f3spede,Seja muito bem-vindo ao Mapu [ Living in Harmony], nosso ref\u00fagio em meio \u00e0 natureza!\u00c9 uma honra receb\u00ea-lo aqui...<\/div>\r\n\t\t\t\t\t\t\t\t\t\t\t<a href=\"https:\/\/mapuchile.com\/esp\/2025\/04\/25\/mapu-infos-rules-2-2-2\/\" class=\"readmorebtn\">Read More<\/a>\r\n\t\t\t\t\t\t\t\t\t\r\n\t\t\t<\/div>\r\n\t\t\t\t\r\n\t<\/div>\r\n<\/div>\t\t\t\t\t<\/div>\r\n\r\n\t\t\t\t\t\r\n\t\t\t\t\t<div class=\"pgafu-medium-4 pgafu-columns filtr-item\" data-category=\"63\">\r\n\t\t\t\t\t\r\n<div class=\"pgafu-post-grid\">\t\t\r\n\t<div class=\"pgafu-post-grid-content\">\r\n\t\t\t\t<div class=\"pgafu-post-image-bg\" style=\"\">\r\n\t\t\t<a href=\"https:\/\/mapuchile.com\/esp\/2025\/04\/25\/mapu-infos-rules-2-2\/\">\r\n\t\t\t\t<img src=\"https:\/\/mapuchile.com\/wp-content\/uploads\/2025\/04\/20240716__XT4-87-1-1024x683.jpg\" alt=\"PACK YOUR BAG !\" \/>\r\n\t\t\t<\/a>\r\n\t\t<\/div>\r\n\t\t\t\t\r\n\t\t<h2 class=\"pgafu-post-title\">\r\n\t\t\t<a href=\"https:\/\/mapuchile.com\/esp\/2025\/04\/25\/mapu-infos-rules-2-2\/\">PACK YOUR BAG !<\/a>\r\n\t\t<\/h2>\r\n\r\n\t\t\t\t<div class=\"pgafu-post-categories\">\r\n\t\t\t<a href=\"https:\/\/mapuchile.com\/esp\/category\/infos\/\">INFOS<\/a>\t\t<\/div>\r\n\t\t\t\t\t\t<div class=\"pgafu-post-date\">\r\n\t\t\t\t\t\t\t\t\t\t\t<span class=\"pgafu-user-img\"><img src=\"https:\/\/mapuchile.com\/wp-content\/plugins\/post-grid-and-filter-ultimate\/assets\/images\/user.svg\" alt=\"\"> MAPU<\/span>\r\n\t\t\t\t\t\t\t\t\t\t&nbsp;\t\t\t\t\t\t\t\t\t\t\t<span class=\"pgafu-time\"> <img src=\"https:\/\/mapuchile.com\/wp-content\/plugins\/post-grid-and-filter-ultimate\/assets\/images\/calendar.svg\" alt=\"\"> Abril 25, 2025 <\/span>\r\n\t\t\t\t\t\t\t\t\t\t&nbsp;\t\t\t\t\t\t\r\n\t\t\t\t<\/div>\r\n\t\t\t\t\t\t<div class=\"pgafu-post-content\">\t\t\t\t\r\n\t\t\t\t\t<div class=\"pgafu-post-short-content\">Para uma viagem \u00e0 Patag\u00f4nia, &nbsp;prepare-se para temperaturas frescas e mudan\u00e7as clim\u00e1ticas, com chuvas e vento. Leve roupas em camadas,...<\/div>\r\n\t\t\t\t\t\t\t\t\t\t\t<a href=\"https:\/\/mapuchile.com\/esp\/2025\/04\/25\/mapu-infos-rules-2-2\/\" class=\"readmorebtn\">Read More<\/a>\r\n\t\t\t\t\t\t\t\t\t\r\n\t\t\t<\/div>\r\n\t\t\t\t\r\n\t<\/div>\r\n<\/div>\t\t\t\t\t<\/div>\r\n\r\n\t\t\t\t\t\r\n\t\t\t\t\t<div class=\"pgafu-medium-4 pgafu-columns filtr-item\" data-category=\"63\">\r\n\t\t\t\t\t\r\n<div class=\"pgafu-post-grid\">\t\t\r\n\t<div class=\"pgafu-post-grid-content\">\r\n\t\t\t\t<div class=\"pgafu-post-image-bg\" style=\"\">\r\n\t\t\t<a href=\"https:\/\/mapuchile.com\/esp\/2025\/04\/25\/infps-2\/\">\r\n\t\t\t\t<img src=\"https:\/\/mapuchile.com\/wp-content\/uploads\/2025\/04\/20230907_FOODEXP_DAY1_-360-1024x683.jpg\" alt=\"WHERE TO EAT IN FUTALEUFU\" \/>\r\n\t\t\t<\/a>\r\n\t\t<\/div>\r\n\t\t\t\t\r\n\t\t<h2 class=\"pgafu-post-title\">\r\n\t\t\t<a href=\"https:\/\/mapuchile.com\/esp\/2025\/04\/25\/infps-2\/\">WHERE TO EAT IN FUTALEUFU<\/a>\r\n\t\t<\/h2>\r\n\r\n\t\t\t\t<div class=\"pgafu-post-categories\">\r\n\t\t\t<a href=\"https:\/\/mapuchile.com\/esp\/category\/infos\/\">INFOS<\/a>\t\t<\/div>\r\n\t\t\t\t\t\t<div class=\"pgafu-post-date\">\r\n\t\t\t\t\t\t\t\t\t\t\t<span class=\"pgafu-user-img\"><img src=\"https:\/\/mapuchile.com\/wp-content\/plugins\/post-grid-and-filter-ultimate\/assets\/images\/user.svg\" alt=\"\"> MAPU<\/span>\r\n\t\t\t\t\t\t\t\t\t\t&nbsp;\t\t\t\t\t\t\t\t\t\t\t<span class=\"pgafu-time\"> <img src=\"https:\/\/mapuchile.com\/wp-content\/plugins\/post-grid-and-filter-ultimate\/assets\/images\/calendar.svg\" alt=\"\"> Abril 25, 2025 <\/span>\r\n\t\t\t\t\t\t\t\t\t\t&nbsp;\t\t\t\t\t\t\r\n\t\t\t\t<\/div>\r\n\t\t\t\t\t\t<div class=\"pgafu-post-content\">\t\t\t\t\r\n\t\t\t\t\t<div class=\"pgafu-post-short-content\">WHERE TO EAT IN FUTALEUFU Restaurantes, Cafeter\u00edas y Bares En las \u00faltimas d\u00e9cadas, Futaleuf\u00fa se ha convertido en un destino...<\/div>\r\n\t\t\t\t\t\t\t\t\t\t\t<a href=\"https:\/\/mapuchile.com\/esp\/2025\/04\/25\/infps-2\/\" class=\"readmorebtn\">Read More<\/a>\r\n\t\t\t\t\t\t\t\t\t\r\n\t\t\t<\/div>\r\n\t\t\t\t\r\n\t<\/div>\r\n<\/div>\t\t\t\t\t<\/div>\r\n\r\n\t\t\t\t\t\r\n\t\t\t\t\t<div class=\"pgafu-medium-4 pgafu-columns filtr-item\" data-category=\"63\">\r\n\t\t\t\t\t\r\n<div class=\"pgafu-post-grid\">\t\t\r\n\t<div class=\"pgafu-post-grid-content\">\r\n\t\t\t\t<div class=\"pgafu-post-image-bg\" style=\"\">\r\n\t\t\t<a href=\"https:\/\/mapuchile.com\/esp\/2023\/10\/30\/infos-ingreso-a-chile-sag\/\">\r\n\t\t\t\t<img src=\"https:\/\/mapuchile.com\/wp-content\/uploads\/2023\/10\/Screenshot-2025-10-30-at-09.46.42-1024x467.jpg\" alt=\"INFOS INGRESO A CHILE | SAG\" \/>\r\n\t\t\t<\/a>\r\n\t\t<\/div>\r\n\t\t\t\t\r\n\t\t<h2 class=\"pgafu-post-title\">\r\n\t\t\t<a href=\"https:\/\/mapuchile.com\/esp\/2023\/10\/30\/infos-ingreso-a-chile-sag\/\">INFOS INGRESO A CHILE | SAG<\/a>\r\n\t\t<\/h2>\r\n\r\n\t\t\t\t<div class=\"pgafu-post-categories\">\r\n\t\t\t<a href=\"https:\/\/mapuchile.com\/esp\/category\/infos\/\">INFOS<\/a>\t\t<\/div>\r\n\t\t\t\t\t\t<div class=\"pgafu-post-date\">\r\n\t\t\t\t\t\t\t\t\t\t\t<span class=\"pgafu-user-img\"><img src=\"https:\/\/mapuchile.com\/wp-content\/plugins\/post-grid-and-filter-ultimate\/assets\/images\/user.svg\" alt=\"\"> MAPU<\/span>\r\n\t\t\t\t\t\t\t\t\t\t&nbsp;\t\t\t\t\t\t\t\t\t\t\t<span class=\"pgafu-time\"> <img src=\"https:\/\/mapuchile.com\/wp-content\/plugins\/post-grid-and-filter-ultimate\/assets\/images\/calendar.svg\" alt=\"\"> Octubre 30, 2023 <\/span>\r\n\t\t\t\t\t\t\t\t\t\t&nbsp;\t\t\t\t\t\t\r\n\t\t\t\t<\/div>\r\n\t\t\t\t\t\t<div class=\"pgafu-post-content\">\t\t\t\t\r\n\t\t\t\t\t<div class=\"pgafu-post-short-content\">O processo de entrada no Chile requer o preenchimento de um documento que \u00e9 uma declara\u00e7\u00e3o jurada e pode ser...<\/div>\r\n\t\t\t\t\t\t\t\t\t\t\t<a href=\"https:\/\/mapuchile.com\/esp\/2023\/10\/30\/infos-ingreso-a-chile-sag\/\" class=\"readmorebtn\">Read More<\/a>\r\n\t\t\t\t\t\t\t\t\t\r\n\t\t\t<\/div>\r\n\t\t\t\t\r\n\t<\/div>\r\n<\/div>\t\t\t\t\t<\/div>\r\n\r\n\t\t\t\t\t\r\n\t\t\t\t\t<div class=\"pgafu-medium-4 pgafu-columns filtr-item\" data-category=\"63\">\r\n\t\t\t\t\t\r\n<div class=\"pgafu-post-grid\">\t\t\r\n\t<div class=\"pgafu-post-grid-content\">\r\n\t\t\t\t<div class=\"pgafu-post-image-bg\" style=\"\">\r\n\t\t\t<a href=\"https:\/\/mapuchile.com\/esp\/2023\/07\/01\/infos\/\">\r\n\t\t\t\t<img src=\"https:\/\/mapuchile.com\/wp-content\/uploads\/2023\/07\/20250817_FUTA_1.captured_193-1024x687.jpg\" alt=\"PHONES &#038; CONTACTS\" \/>\r\n\t\t\t<\/a>\r\n\t\t<\/div>\r\n\t\t\t\t\r\n\t\t<h2 class=\"pgafu-post-title\">\r\n\t\t\t<a href=\"https:\/\/mapuchile.com\/esp\/2023\/07\/01\/infos\/\">PHONES &#038; CONTACTS<\/a>\r\n\t\t<\/h2>\r\n\r\n\t\t\t\t<div class=\"pgafu-post-categories\">\r\n\t\t\t<a href=\"https:\/\/mapuchile.com\/esp\/category\/infos\/\">INFOS<\/a>\t\t<\/div>\r\n\t\t\t\t\t\t<div class=\"pgafu-post-date\">\r\n\t\t\t\t\t\t\t\t\t\t\t<span class=\"pgafu-user-img\"><img src=\"https:\/\/mapuchile.com\/wp-content\/plugins\/post-grid-and-filter-ultimate\/assets\/images\/user.svg\" alt=\"\"> MAPU<\/span>\r\n\t\t\t\t\t\t\t\t\t\t&nbsp;\t\t\t\t\t\t\t\t\t\t\t<span class=\"pgafu-time\"> <img src=\"https:\/\/mapuchile.com\/wp-content\/plugins\/post-grid-and-filter-ultimate\/assets\/images\/calendar.svg\" alt=\"\"> Julio 1, 2023 <\/span>\r\n\t\t\t\t\t\t\t\t\t\t&nbsp;\t\t\t\t\t\t\r\n\t\t\t\t<\/div>\r\n\t\t\t\t\t\t<div class=\"pgafu-post-content\">\t\t\t\t\r\n\t\t\t\t\t<div class=\"pgafu-post-short-content\">\u00a0\u00a01. LOCADORAS DE CARROSESQUEL \/ ARGENTINAHERTZ : +54 9 2945 63-6017 https:\/\/www.hertz.com.arLOS ALERCES : +54 2945 417916\u00a0 \/ https:\/\/alercesrentacar.com.ar\/AUTOS DEL...<\/div>\r\n\t\t\t\t\t\t\t\t\t\t\t<a href=\"https:\/\/mapuchile.com\/esp\/2023\/07\/01\/infos\/\" class=\"readmorebtn\">Read More<\/a>\r\n\t\t\t\t\t\t\t\t\t\r\n\t\t\t<\/div>\r\n\t\t\t\t\r\n\t<\/div>\r\n<\/div>\t\t\t\t\t<\/div>\r\n\r\n\t\t\t\t\t\r\n\t\t\t\t\t<div class=\"pgafu-medium-4 pgafu-columns filtr-item\" data-category=\"63\">\r\n\t\t\t\t\t\r\n<div class=\"pgafu-post-grid\">\t\t\r\n\t<div class=\"pgafu-post-grid-content\">\r\n\t\t\t\t<div class=\"pgafu-post-image-bg\" style=\"\">\r\n\t\t\t<a href=\"https:\/\/mapuchile.com\/esp\/2023\/01\/01\/termsandconditions\/\">\r\n\t\t\t\t<img src=\"https:\/\/mapuchile.com\/wp-content\/uploads\/2022\/11\/20221123__QUINCHO-124-683x1024.jpg\" alt=\"TERMS &#038; CONDITIONS\" \/>\r\n\t\t\t<\/a>\r\n\t\t<\/div>\r\n\t\t\t\t\r\n\t\t<h2 class=\"pgafu-post-title\">\r\n\t\t\t<a href=\"https:\/\/mapuchile.com\/esp\/2023\/01\/01\/termsandconditions\/\">TERMS &#038; CONDITIONS<\/a>\r\n\t\t<\/h2>\r\n\r\n\t\t\t\t<div class=\"pgafu-post-categories\">\r\n\t\t\t<a href=\"https:\/\/mapuchile.com\/esp\/category\/infos\/\">INFOS<\/a>\t\t<\/div>\r\n\t\t\t\t\t\t<div class=\"pgafu-post-date\">\r\n\t\t\t\t\t\t\t\t\t\t\t<span class=\"pgafu-user-img\"><img src=\"https:\/\/mapuchile.com\/wp-content\/plugins\/post-grid-and-filter-ultimate\/assets\/images\/user.svg\" alt=\"\"> MAPU<\/span>\r\n\t\t\t\t\t\t\t\t\t\t&nbsp;\t\t\t\t\t\t\t\t\t\t\t<span class=\"pgafu-time\"> <img src=\"https:\/\/mapuchile.com\/wp-content\/plugins\/post-grid-and-filter-ultimate\/assets\/images\/calendar.svg\" alt=\"\"> Enero 1, 2023 <\/span>\r\n\t\t\t\t\t\t\t\t\t\t&nbsp;\t\t\t\t\t\t\r\n\t\t\t\t<\/div>\r\n\t\t\t\t\t\t<div class=\"pgafu-post-content\">\t\t\t\t\r\n\t\t\t\t\t<div class=\"pgafu-post-short-content\">GENERAL TERMS AND SPECIAL REGULATIONS The conditions stipulated in this document describe the rights and obligations between the passenger and...<\/div>\r\n\t\t\t\t\t\t\t\t\t\t\t<a href=\"https:\/\/mapuchile.com\/esp\/2023\/01\/01\/termsandconditions\/\" class=\"readmorebtn\">Read More<\/a>\r\n\t\t\t\t\t\t\t\t\t\r\n\t\t\t<\/div>\r\n\t\t\t\t\r\n\t<\/div>\r\n<\/div>\t\t\t\t\t<\/div>\r\n\r\n\t\t\t\t\t\r\n\t\t\t\t\t<div class=\"pgafu-medium-4 pgafu-columns filtr-item\" data-category=\"63\">\r\n\t\t\t\t\t\r\n<div class=\"pgafu-post-grid\">\t\t\r\n\t<div class=\"pgafu-post-grid-content\">\r\n\t\t\t\t<div class=\"pgafu-post-image-bg\" style=\"\">\r\n\t\t\t<a href=\"https:\/\/mapuchile.com\/esp\/2022\/11\/18\/how-to-get-to-mapu\/\">\r\n\t\t\t\t<img src=\"https:\/\/mapuchile.com\/wp-content\/uploads\/2022\/11\/20180809_Futaleufu-27-1024x683.jpg\" alt=\"HOW TO GET TO MAPU !\" \/>\r\n\t\t\t<\/a>\r\n\t\t<\/div>\r\n\t\t\t\t\r\n\t\t<h2 class=\"pgafu-post-title\">\r\n\t\t\t<a href=\"https:\/\/mapuchile.com\/esp\/2022\/11\/18\/how-to-get-to-mapu\/\">HOW TO GET TO MAPU !<\/a>\r\n\t\t<\/h2>\r\n\r\n\t\t\t\t<div class=\"pgafu-post-categories\">\r\n\t\t\t<a href=\"https:\/\/mapuchile.com\/esp\/category\/infos\/\">INFOS<\/a>\t\t<\/div>\r\n\t\t\t\t\t\t<div class=\"pgafu-post-date\">\r\n\t\t\t\t\t\t\t\t\t\t\t<span class=\"pgafu-user-img\"><img src=\"https:\/\/mapuchile.com\/wp-content\/plugins\/post-grid-and-filter-ultimate\/assets\/images\/user.svg\" alt=\"\"> MAPU<\/span>\r\n\t\t\t\t\t\t\t\t\t\t&nbsp;\t\t\t\t\t\t\t\t\t\t\t<span class=\"pgafu-time\"> <img src=\"https:\/\/mapuchile.com\/wp-content\/plugins\/post-grid-and-filter-ultimate\/assets\/images\/calendar.svg\" alt=\"\"> Noviembre 18, 2022 <\/span>\r\n\t\t\t\t\t\t\t\t\t\t&nbsp;\t\t\t\t\t\t\r\n\t\t\t\t<\/div>\r\n\t\t\t\t\t\t<div class=\"pgafu-post-content\">\t\t\t\t\r\n\t\t\t\t\t<div class=\"pgafu-post-short-content\">HOW TO GET TO MAPU ! Choose the best way that suites better for you. Ol\u00e1, estamos aguardando sua chegada...<\/div>\r\n\t\t\t\t\t\t\t\t\t\t\t<a href=\"https:\/\/mapuchile.com\/esp\/2022\/11\/18\/how-to-get-to-mapu\/\" class=\"readmorebtn\">Read More<\/a>\r\n\t\t\t\t\t\t\t\t\t\r\n\t\t\t<\/div>\r\n\t\t\t\t\r\n\t<\/div>\r\n<\/div>\t\t\t\t\t<\/div>\r\n\r\n\t\t\t\t\t\r\n\t\t\t\t<\/div>\r\n\t\t\t<\/div>\r\n\t\t<\/div>\r\n\r\n\t\t<\/div>\n\t\t\t\t<\/div>\n\t\t\t\t<\/div>\n\t\t\t\t<div class=\"elementor-element elementor-element-48r7spq elementor-widget elementor-widget-spacer\" data-id=\"48r7spq\" data-element_type=\"widget\" data-widget_type=\"spacer.default\">\n\t\t\t\t<div class=\"elementor-widget-container\">\n\t\t\t\t\t<div class=\"elementor-spacer\">\n\t\t\t<div class=\"elementor-spacer-inner\"><\/div>\n\t\t<\/div>\n\t\t\t\t<\/div>\n\t\t\t\t<\/div>\n\t\t\t\t\t\t<\/div>\n\t\t\t<\/div>\n\t\t<\/div>\n\t\t\t\t\t\t<\/div>\n\t\t\t<\/div>\n\t\t<\/section>\n\t\t\t\t\t\t<\/div>\n\t\t\t<\/div>\n\t\t<\/div>","protected":false},"excerpt":{"rendered":"<p>INFOS CHECK INFOS BELLOW !<\/p>","protected":false},"author":2,"featured_media":0,"parent":0,"menu_order":50,"comment_status":"closed","ping_status":"closed","template":"","meta":[],"_links":{"self":[{"href":"https:\/\/mapuchile.com\/esp\/wp-json\/wp\/v2\/pages\/49"}],"collection":[{"href":"https:\/\/mapuchile.com\/esp\/wp-json\/wp\/v2\/pages"}],"about":[{"href":"https:\/\/mapuchile.com\/esp\/wp-json\/wp\/v2\/types\/page"}],"author":[{"embeddable":true,"href":"https:\/\/mapuchile.com\/esp\/wp-json\/wp\/v2\/users\/2"}],"replies":[{"embeddable":true,"href":"https:\/\/mapuchile.com\/esp\/wp-json\/wp\/v2\/comments?post=49"}],"version-history":[{"count":12,"href":"https:\/\/mapuchile.com\/esp\/wp-json\/wp\/v2\/pages\/49\/revisions"}],"predecessor-version":[{"id":7679,"href":"https:\/\/mapuchile.com\/esp\/wp-json\/wp\/v2\/pages\/49\/revisions\/7679"}],"wp:attachment":[{"href":"https:\/\/mapuchile.com\/esp\/wp-json\/wp\/v2\/media?parent=49"}],"curies":[{"name":"wp","href":"https:\/\/api.w.org\/{rel}","templated":true}]}}